{"id":161,"date":"2025-06-27T20:46:12","date_gmt":"2025-06-27T20:46:12","guid":{"rendered":"https:\/\/360.panoramadesign.no\/panoramadesign\/?page_id=161"},"modified":"2025-06-27T20:54:59","modified_gmt":"2025-06-27T20:54:59","slug":"kontakt","status":"publish","type":"page","link":"https:\/\/360.panoramadesign.no\/panoramadesign\/kontakt\/","title":{"rendered":"Kontakt"},"content":{"rendered":"\n<div style=\"height:72px\" aria-hidden=\"true\" class=\"wp-block-spacer\"><\/div>\n\n\n\n<figure class=\"wp-block-image size-full\"><img loading=\"lazy\" decoding=\"async\" width=\"2449\" height=\"937\" src=\"https:\/\/360.panoramadesign.no\/content\/uploads\/sites\/3\/2025\/06\/alle_ansatte.jpg\" alt=\"\" class=\"wp-image-148\" srcset=\"https:\/\/360.panoramadesign.no\/content\/uploads\/sites\/3\/2025\/06\/alle_ansatte.jpg 2449w, https:\/\/360.panoramadesign.no\/content\/uploads\/sites\/3\/2025\/06\/alle_ansatte-300x115.jpg 300w, https:\/\/360.panoramadesign.no\/content\/uploads\/sites\/3\/2025\/06\/alle_ansatte-1024x392.jpg 1024w, https:\/\/360.panoramadesign.no\/content\/uploads\/sites\/3\/2025\/06\/alle_ansatte-768x294.jpg 768w, https:\/\/360.panoramadesign.no\/content\/uploads\/sites\/3\/2025\/06\/alle_ansatte-1536x588.jpg 1536w, https:\/\/360.panoramadesign.no\/content\/uploads\/sites\/3\/2025\/06\/alle_ansatte-2048x784.jpg 2048w\" sizes=\"auto, (max-width: 2449px) 100vw, 2449px\" \/><\/figure>\n\n\n\n<div style=\"height:72px\" aria-hidden=\"true\" class=\"wp-block-spacer\"><\/div>\n\n\n\n<div class=\"wp-block-columns is-layout-flex wp-container-core-columns-is-layout-e477a36d wp-block-columns-is-layout-flex\" style=\"border-bottom-color:var(--wp--preset--color--accent-3);border-bottom-width:1px;padding-bottom:var(--wp--preset--spacing--60)\">\n<div class=\"wp-block-column is-layout-flow wp-block-column-is-layout-flow\" style=\"flex-basis:66.66%\">\n<p class=\"has-accent-3-color has-text-color has-link-color has-x-large-font-size wp-elements-16b2c4e3e2f48a74937c609d3e48def5\">Uansett om du har et stort eller lite prosjekt, har vi erfaringen til \u00e5 hjelpe deg \u00e5 l\u00f8se det. Ta kontakt for \u00e5 finne ut hvordan vi kan jobbe sammen!<\/p>\n<\/div>\n\n\n\n<div class=\"wp-block-column is-layout-flow wp-block-column-is-layout-flow\" style=\"flex-basis:33.33%\"><\/div>\n\n\n\n<div class=\"wp-block-column is-layout-flow wp-block-column-is-layout-flow\" style=\"flex-basis:33.33%\">\n<h4 class=\"wp-block-heading\">Si hei!<\/h4>\n\n\n\n<h4 class=\"wp-block-heading\"><a href=\"mailto:hello@panoramadesign.no\">hello@panoramadesign.no<\/a><br>+47 916 14 430<\/h4>\n\n\n\n<h4 class=\"wp-block-heading\">Filipstadveien 5<br>0250 Oslo<\/h4>\n<\/div>\n<\/div>\n\n\n\n<div class=\"wp-block-query is-layout-flow wp-block-query-is-layout-flow\"><ul class=\"columns-3 wp-block-post-template is-layout-grid wp-container-core-post-template-is-layout-10753265 wp-block-post-template-is-layout-grid\"><li class=\"wp-block-post post-147 ansatt type-ansatt status-publish has-post-thumbnail hentry\">\n<figure style=\"padding-bottom:var(--wp--preset--spacing--30);padding-top:var(--wp--preset--spacing--30);\" class=\"wp-block-post-featured-image\"><img loading=\"lazy\" decoding=\"async\" width=\"2482\" height=\"1860\" src=\"https:\/\/360.panoramadesign.no\/content\/uploads\/sites\/3\/2025\/06\/nichlas.jpg\" class=\"attachment-post-thumbnail size-post-thumbnail wp-post-image\" alt=\"\" style=\"border-radius:10px;object-fit:cover;\" srcset=\"https:\/\/360.panoramadesign.no\/content\/uploads\/sites\/3\/2025\/06\/nichlas.jpg 2482w, https:\/\/360.panoramadesign.no\/content\/uploads\/sites\/3\/2025\/06\/nichlas-300x225.jpg 300w, https:\/\/360.panoramadesign.no\/content\/uploads\/sites\/3\/2025\/06\/nichlas-1024x767.jpg 1024w, https:\/\/360.panoramadesign.no\/content\/uploads\/sites\/3\/2025\/06\/nichlas-768x576.jpg 768w, https:\/\/360.panoramadesign.no\/content\/uploads\/sites\/3\/2025\/06\/nichlas-1536x1151.jpg 1536w, https:\/\/360.panoramadesign.no\/content\/uploads\/sites\/3\/2025\/06\/nichlas-2048x1535.jpg 2048w\" sizes=\"auto, (max-width: 2482px) 100vw, 2482px\" \/><\/figure>\n\n<h2 style=\"line-height:0.4;\" class=\"wp-block-post-title has-x-large-font-size\">Nichlas Tangen<\/h2>\n\n<div style=\"line-height:1.8;\" class=\"is-acf-field wp-block-mfb-meta-field-block has-medium-font-size\"><div class=\"value\">Kreativ leder \/ Partner<\/div><\/div>\n\n<div style=\"line-height:1.8;\" class=\"is-acf-field wp-block-mfb-meta-field-block has-medium-font-size\"><div class=\"value\">+47 982 81 014<\/div><\/div>\n\n<div style=\"line-height:1.8;\" class=\"is-acf-field wp-block-mfb-meta-field-block has-medium-font-size\"><div class=\"value\">nichlas@panoramadesign.no<\/div><\/div>\n<\/li><li class=\"wp-block-post post-155 ansatt type-ansatt status-publish has-post-thumbnail hentry\">\n<figure style=\"padding-bottom:var(--wp--preset--spacing--30);padding-top:var(--wp--preset--spacing--30);\" class=\"wp-block-post-featured-image\"><img loading=\"lazy\" decoding=\"async\" width=\"2482\" height=\"1860\" src=\"https:\/\/360.panoramadesign.no\/content\/uploads\/sites\/3\/2025\/06\/jan_petter.jpg\" class=\"attachment-post-thumbnail size-post-thumbnail wp-post-image\" alt=\"\" style=\"border-radius:10px;object-fit:cover;\" srcset=\"https:\/\/360.panoramadesign.no\/content\/uploads\/sites\/3\/2025\/06\/jan_petter.jpg 2482w, https:\/\/360.panoramadesign.no\/content\/uploads\/sites\/3\/2025\/06\/jan_petter-300x225.jpg 300w, https:\/\/360.panoramadesign.no\/content\/uploads\/sites\/3\/2025\/06\/jan_petter-1024x767.jpg 1024w, https:\/\/360.panoramadesign.no\/content\/uploads\/sites\/3\/2025\/06\/jan_petter-768x576.jpg 768w, https:\/\/360.panoramadesign.no\/content\/uploads\/sites\/3\/2025\/06\/jan_petter-1536x1151.jpg 1536w, https:\/\/360.panoramadesign.no\/content\/uploads\/sites\/3\/2025\/06\/jan_petter-2048x1535.jpg 2048w\" sizes=\"auto, (max-width: 2482px) 100vw, 2482px\" \/><\/figure>\n\n<h2 style=\"line-height:0.4;\" class=\"wp-block-post-title has-x-large-font-size\">Jan Petter Fredstad<\/h2>\n\n<div style=\"line-height:1.8;\" class=\"is-acf-field wp-block-mfb-meta-field-block has-medium-font-size\"><div class=\"value\">Daglig leder \/ Partner<\/div><\/div>\n\n<div style=\"line-height:1.8;\" class=\"is-acf-field wp-block-mfb-meta-field-block has-medium-font-size\"><div class=\"value\">+47 916 14 430<\/div><\/div>\n\n<div style=\"line-height:1.8;\" class=\"is-acf-field wp-block-mfb-meta-field-block has-medium-font-size\"><div class=\"value\">jan.petter@panoramadesign.no<\/div><\/div>\n<\/li><li class=\"wp-block-post post-156 ansatt type-ansatt status-publish has-post-thumbnail hentry\">\n<figure style=\"padding-bottom:var(--wp--preset--spacing--30);padding-top:var(--wp--preset--spacing--30);\" class=\"wp-block-post-featured-image\"><img loading=\"lazy\" decoding=\"async\" width=\"2134\" height=\"1599\" src=\"https:\/\/360.panoramadesign.no\/content\/uploads\/sites\/3\/2025\/06\/tommy.jpg\" class=\"attachment-post-thumbnail size-post-thumbnail wp-post-image\" alt=\"\" style=\"border-radius:10px;object-fit:cover;\" srcset=\"https:\/\/360.panoramadesign.no\/content\/uploads\/sites\/3\/2025\/06\/tommy.jpg 2134w, https:\/\/360.panoramadesign.no\/content\/uploads\/sites\/3\/2025\/06\/tommy-300x225.jpg 300w, https:\/\/360.panoramadesign.no\/content\/uploads\/sites\/3\/2025\/06\/tommy-1024x767.jpg 1024w, https:\/\/360.panoramadesign.no\/content\/uploads\/sites\/3\/2025\/06\/tommy-768x575.jpg 768w, https:\/\/360.panoramadesign.no\/content\/uploads\/sites\/3\/2025\/06\/tommy-1536x1151.jpg 1536w, https:\/\/360.panoramadesign.no\/content\/uploads\/sites\/3\/2025\/06\/tommy-2048x1535.jpg 2048w\" sizes=\"auto, (max-width: 2134px) 100vw, 2134px\" \/><\/figure>\n\n<h2 style=\"line-height:0.4;\" class=\"wp-block-post-title has-x-large-font-size\">Tommy Evensen<\/h2>\n\n<div style=\"line-height:1.8;\" class=\"is-acf-field wp-block-mfb-meta-field-block has-medium-font-size\"><div class=\"value\">Forretningsutvikler og styremedlem \/ Partner<\/div><\/div>\n\n<div style=\"line-height:1.8;\" class=\"is-acf-field wp-block-mfb-meta-field-block has-medium-font-size\"><div class=\"value\">+47 483 53 633<\/div><\/div>\n\n<div style=\"line-height:1.8;\" class=\"is-acf-field wp-block-mfb-meta-field-block has-medium-font-size\"><div class=\"value\"><\/div><\/div>\n<\/li><li class=\"wp-block-post post-157 ansatt type-ansatt status-publish has-post-thumbnail hentry\">\n<figure style=\"padding-bottom:var(--wp--preset--spacing--30);padding-top:var(--wp--preset--spacing--30);\" class=\"wp-block-post-featured-image\"><img loading=\"lazy\" decoding=\"async\" width=\"2053\" height=\"1539\" src=\"https:\/\/360.panoramadesign.no\/content\/uploads\/sites\/3\/2025\/06\/andrea.jpg\" class=\"attachment-post-thumbnail size-post-thumbnail wp-post-image\" alt=\"\" style=\"border-radius:10px;object-fit:cover;\" srcset=\"https:\/\/360.panoramadesign.no\/content\/uploads\/sites\/3\/2025\/06\/andrea.jpg 2053w, https:\/\/360.panoramadesign.no\/content\/uploads\/sites\/3\/2025\/06\/andrea-300x225.jpg 300w, https:\/\/360.panoramadesign.no\/content\/uploads\/sites\/3\/2025\/06\/andrea-1024x768.jpg 1024w, https:\/\/360.panoramadesign.no\/content\/uploads\/sites\/3\/2025\/06\/andrea-768x576.jpg 768w, https:\/\/360.panoramadesign.no\/content\/uploads\/sites\/3\/2025\/06\/andrea-1536x1151.jpg 1536w, https:\/\/360.panoramadesign.no\/content\/uploads\/sites\/3\/2025\/06\/andrea-2048x1535.jpg 2048w\" sizes=\"auto, (max-width: 2053px) 100vw, 2053px\" \/><\/figure>\n\n<h2 style=\"line-height:0.4;\" class=\"wp-block-post-title has-x-large-font-size\">Andrea Pasman<\/h2>\n\n<div style=\"line-height:1.8;\" class=\"is-acf-field wp-block-mfb-meta-field-block has-medium-font-size\"><div class=\"value\">Designer<\/div><\/div>\n\n<div style=\"line-height:1.8;\" class=\"is-acf-field wp-block-mfb-meta-field-block has-medium-font-size\"><div class=\"value\">+47 980 78 637<\/div><\/div>\n\n<div style=\"line-height:1.8;\" class=\"is-acf-field wp-block-mfb-meta-field-block has-medium-font-size\"><div class=\"value\">andrea@panoramadesign.no<\/div><\/div>\n<\/li><li class=\"wp-block-post post-158 ansatt type-ansatt status-publish has-post-thumbnail hentry\">\n<figure style=\"padding-bottom:var(--wp--preset--spacing--30);padding-top:var(--wp--preset--spacing--30);\" class=\"wp-block-post-featured-image\"><img loading=\"lazy\" decoding=\"async\" width=\"2500\" height=\"1914\" src=\"https:\/\/360.panoramadesign.no\/content\/uploads\/sites\/3\/2025\/06\/Vetle.jpg\" class=\"attachment-post-thumbnail size-post-thumbnail wp-post-image\" alt=\"\" style=\"border-radius:10px;object-fit:cover;\" srcset=\"https:\/\/360.panoramadesign.no\/content\/uploads\/sites\/3\/2025\/06\/Vetle.jpg 2500w, https:\/\/360.panoramadesign.no\/content\/uploads\/sites\/3\/2025\/06\/Vetle-300x230.jpg 300w, https:\/\/360.panoramadesign.no\/content\/uploads\/sites\/3\/2025\/06\/Vetle-1024x784.jpg 1024w, https:\/\/360.panoramadesign.no\/content\/uploads\/sites\/3\/2025\/06\/Vetle-768x588.jpg 768w, https:\/\/360.panoramadesign.no\/content\/uploads\/sites\/3\/2025\/06\/Vetle-1536x1176.jpg 1536w, https:\/\/360.panoramadesign.no\/content\/uploads\/sites\/3\/2025\/06\/Vetle-2048x1568.jpg 2048w\" sizes=\"auto, (max-width: 2500px) 100vw, 2500px\" \/><\/figure>\n\n<h2 style=\"line-height:0.4;\" class=\"wp-block-post-title has-x-large-font-size\">Vetle Nyhus<\/h2>\n\n<div style=\"line-height:1.8;\" class=\"is-acf-field wp-block-mfb-meta-field-block has-medium-font-size\"><div class=\"value\">Designer<\/div><\/div>\n\n<div style=\"line-height:1.8;\" class=\"is-acf-field wp-block-mfb-meta-field-block has-medium-font-size\"><div class=\"value\">+47 957 94 166<\/div><\/div>\n\n<div style=\"line-height:1.8;\" class=\"is-acf-field wp-block-mfb-meta-field-block has-medium-font-size\"><div class=\"value\">vetle@panoramadesign.no<\/div><\/div>\n<\/li><li class=\"wp-block-post post-159 ansatt type-ansatt status-publish has-post-thumbnail hentry\">\n<figure style=\"padding-bottom:var(--wp--preset--spacing--30);padding-top:var(--wp--preset--spacing--30);\" class=\"wp-block-post-featured-image\"><img loading=\"lazy\" decoding=\"async\" width=\"2482\" height=\"1860\" src=\"https:\/\/360.panoramadesign.no\/content\/uploads\/sites\/3\/2025\/06\/Jakob.jpg\" class=\"attachment-post-thumbnail size-post-thumbnail wp-post-image\" alt=\"\" style=\"border-radius:10px;object-fit:cover;\" srcset=\"https:\/\/360.panoramadesign.no\/content\/uploads\/sites\/3\/2025\/06\/Jakob.jpg 2482w, https:\/\/360.panoramadesign.no\/content\/uploads\/sites\/3\/2025\/06\/Jakob-300x225.jpg 300w, https:\/\/360.panoramadesign.no\/content\/uploads\/sites\/3\/2025\/06\/Jakob-1024x767.jpg 1024w, https:\/\/360.panoramadesign.no\/content\/uploads\/sites\/3\/2025\/06\/Jakob-768x576.jpg 768w, https:\/\/360.panoramadesign.no\/content\/uploads\/sites\/3\/2025\/06\/Jakob-1536x1151.jpg 1536w, https:\/\/360.panoramadesign.no\/content\/uploads\/sites\/3\/2025\/06\/Jakob-2048x1535.jpg 2048w\" sizes=\"auto, (max-width: 2482px) 100vw, 2482px\" \/><\/figure>\n\n<h2 style=\"line-height:0.4;\" class=\"wp-block-post-title has-x-large-font-size\">Jakob Vege<\/h2>\n\n<div style=\"line-height:1.8;\" class=\"is-acf-field wp-block-mfb-meta-field-block has-medium-font-size\"><div class=\"value\">Designer<\/div><\/div>\n\n<div style=\"line-height:1.8;\" class=\"is-acf-field wp-block-mfb-meta-field-block has-medium-font-size\"><div class=\"value\">+47 926 97 398<\/div><\/div>\n\n<div style=\"line-height:1.8;\" class=\"is-acf-field wp-block-mfb-meta-field-block has-medium-font-size\"><div class=\"value\">jakob@panoramadesign.no<\/div><\/div>\n<\/li><\/ul><\/div>\n\n\n\n<div style=\"height:51px\" aria-hidden=\"true\" class=\"wp-block-spacer\"><\/div>\n","protected":false},"excerpt":{"rendered":"<p>Uansett om du har et stort eller lite prosjekt, har vi erfaringen til \u00e5 hjelpe deg \u00e5 l\u00f8se det. Ta kontakt for \u00e5 finne ut hvordan vi kan jobbe sammen! Si hei! hello@panoramadesign.no+47 916 14 430 Filipstadveien 50250 Oslo<\/p>\n","protected":false},"author":2,"featured_media":0,"parent":0,"menu_order":0,"comment_status":"closed","ping_status":"closed","template":"page-no-title","meta":{"_acf_changed":false,"footnotes":"","unpublish_after_date":""},"class_list":["post-161","page","type-page","status-publish","hentry"],"mb":[],"yoast_head":"<!-- This site is optimized with the Yoast SEO plugin v25.1 - https:\/\/yoast.com\/wordpress\/plugins\/seo\/ -->\n<title>Kontakt - Panorama Design<\/title>\n<meta name=\"robots\" content=\"index, follow, max-snippet:-1, max-image-preview:large, max-video-preview:-1\" \/>\n<link rel=\"canonical\" href=\"https:\/\/360.panoramadesign.no\/panoramadesign\/kontakt\/\" \/>\n<meta property=\"og:locale\" content=\"nb_NO\" \/>\n<meta property=\"og:type\" content=\"article\" \/>\n<meta property=\"og:title\" content=\"Kontakt - Panorama Design\" \/>\n<meta property=\"og:description\" content=\"Uansett om du har et stort eller lite prosjekt, har vi erfaringen til \u00e5 hjelpe deg \u00e5 l\u00f8se det. Ta kontakt for \u00e5 finne ut hvordan vi kan jobbe sammen! Si hei! hello@panoramadesign.no+47 916 14 430 Filipstadveien 50250 Oslo\" \/>\n<meta property=\"og:url\" content=\"https:\/\/360.panoramadesign.no\/panoramadesign\/kontakt\/\" \/>\n<meta property=\"og:site_name\" content=\"Panorama Design\" \/>\n<meta property=\"article:modified_time\" content=\"2025-06-27T20:54:59+00:00\" \/>\n<meta property=\"og:image\" content=\"https:\/\/360.panoramadesign.no\/content\/uploads\/sites\/3\/2025\/06\/alle_ansatte.jpg\" \/>\n\t<meta property=\"og:image:width\" content=\"2449\" \/>\n\t<meta property=\"og:image:height\" content=\"937\" \/>\n\t<meta property=\"og:image:type\" content=\"image\/jpeg\" \/>\n<meta name=\"twitter:card\" content=\"summary_large_image\" \/>\n<meta name=\"twitter:label1\" content=\"Ansl. lesetid\" \/>\n\t<meta name=\"twitter:data1\" content=\"1 minutt\" \/>\n<script type=\"application\/ld+json\" class=\"yoast-schema-graph\">{\"@context\":\"https:\/\/schema.org\",\"@graph\":[{\"@type\":\"WebPage\",\"@id\":\"https:\/\/360.panoramadesign.no\/panoramadesign\/kontakt\/\",\"url\":\"https:\/\/360.panoramadesign.no\/panoramadesign\/kontakt\/\",\"name\":\"Kontakt - Panorama Design\",\"isPartOf\":{\"@id\":\"https:\/\/360.panoramadesign.no\/panoramadesign\/#website\"},\"primaryImageOfPage\":{\"@id\":\"https:\/\/360.panoramadesign.no\/panoramadesign\/kontakt\/#primaryimage\"},\"image\":{\"@id\":\"https:\/\/360.panoramadesign.no\/panoramadesign\/kontakt\/#primaryimage\"},\"thumbnailUrl\":\"https:\/\/360.panoramadesign.no\/content\/uploads\/sites\/3\/2025\/06\/alle_ansatte.jpg\",\"datePublished\":\"2025-06-27T20:46:12+00:00\",\"dateModified\":\"2025-06-27T20:54:59+00:00\",\"breadcrumb\":{\"@id\":\"https:\/\/360.panoramadesign.no\/panoramadesign\/kontakt\/#breadcrumb\"},\"inLanguage\":\"nb-NO\",\"potentialAction\":[{\"@type\":\"ReadAction\",\"target\":[\"https:\/\/360.panoramadesign.no\/panoramadesign\/kontakt\/\"]}]},{\"@type\":\"ImageObject\",\"inLanguage\":\"nb-NO\",\"@id\":\"https:\/\/360.panoramadesign.no\/panoramadesign\/kontakt\/#primaryimage\",\"url\":\"https:\/\/360.panoramadesign.no\/content\/uploads\/sites\/3\/2025\/06\/alle_ansatte.jpg\",\"contentUrl\":\"https:\/\/360.panoramadesign.no\/content\/uploads\/sites\/3\/2025\/06\/alle_ansatte.jpg\"},{\"@type\":\"BreadcrumbList\",\"@id\":\"https:\/\/360.panoramadesign.no\/panoramadesign\/kontakt\/#breadcrumb\",\"itemListElement\":[{\"@type\":\"ListItem\",\"position\":1,\"name\":\"Home\",\"item\":\"https:\/\/360.panoramadesign.no\/panoramadesign\/\"},{\"@type\":\"ListItem\",\"position\":2,\"name\":\"Kontakt\"}]},{\"@type\":\"WebSite\",\"@id\":\"https:\/\/360.panoramadesign.no\/panoramadesign\/#website\",\"url\":\"https:\/\/360.panoramadesign.no\/panoramadesign\/\",\"name\":\"Panorama Design\",\"description\":\"\",\"potentialAction\":[{\"@type\":\"SearchAction\",\"target\":{\"@type\":\"EntryPoint\",\"urlTemplate\":\"https:\/\/360.panoramadesign.no\/panoramadesign\/?s={search_term_string}\"},\"query-input\":{\"@type\":\"PropertyValueSpecification\",\"valueRequired\":true,\"valueName\":\"search_term_string\"}}],\"inLanguage\":\"nb-NO\"}]}<\/script>\n<!-- \/ Yoast SEO plugin. -->","yoast_head_json":{"title":"Kontakt - Panorama Design","robots":{"index":"index","follow":"follow","max-snippet":"max-snippet:-1","max-image-preview":"max-image-preview:large","max-video-preview":"max-video-preview:-1"},"canonical":"https:\/\/360.panoramadesign.no\/panoramadesign\/kontakt\/","og_locale":"nb_NO","og_type":"article","og_title":"Kontakt - Panorama Design","og_description":"Uansett om du har et stort eller lite prosjekt, har vi erfaringen til \u00e5 hjelpe deg \u00e5 l\u00f8se det. Ta kontakt for \u00e5 finne ut hvordan vi kan jobbe sammen! Si hei! hello@panoramadesign.no+47 916 14 430 Filipstadveien 50250 Oslo","og_url":"https:\/\/360.panoramadesign.no\/panoramadesign\/kontakt\/","og_site_name":"Panorama Design","article_modified_time":"2025-06-27T20:54:59+00:00","og_image":[{"width":2449,"height":937,"url":"https:\/\/360.panoramadesign.no\/content\/uploads\/sites\/3\/2025\/06\/alle_ansatte.jpg","type":"image\/jpeg"}],"twitter_card":"summary_large_image","twitter_misc":{"Ansl. lesetid":"1 minutt"},"schema":{"@context":"https:\/\/schema.org","@graph":[{"@type":"WebPage","@id":"https:\/\/360.panoramadesign.no\/panoramadesign\/kontakt\/","url":"https:\/\/360.panoramadesign.no\/panoramadesign\/kontakt\/","name":"Kontakt - Panorama Design","isPartOf":{"@id":"https:\/\/360.panoramadesign.no\/panoramadesign\/#website"},"primaryImageOfPage":{"@id":"https:\/\/360.panoramadesign.no\/panoramadesign\/kontakt\/#primaryimage"},"image":{"@id":"https:\/\/360.panoramadesign.no\/panoramadesign\/kontakt\/#primaryimage"},"thumbnailUrl":"https:\/\/360.panoramadesign.no\/content\/uploads\/sites\/3\/2025\/06\/alle_ansatte.jpg","datePublished":"2025-06-27T20:46:12+00:00","dateModified":"2025-06-27T20:54:59+00:00","breadcrumb":{"@id":"https:\/\/360.panoramadesign.no\/panoramadesign\/kontakt\/#breadcrumb"},"inLanguage":"nb-NO","potentialAction":[{"@type":"ReadAction","target":["https:\/\/360.panoramadesign.no\/panoramadesign\/kontakt\/"]}]},{"@type":"ImageObject","inLanguage":"nb-NO","@id":"https:\/\/360.panoramadesign.no\/panoramadesign\/kontakt\/#primaryimage","url":"https:\/\/360.panoramadesign.no\/content\/uploads\/sites\/3\/2025\/06\/alle_ansatte.jpg","contentUrl":"https:\/\/360.panoramadesign.no\/content\/uploads\/sites\/3\/2025\/06\/alle_ansatte.jpg"},{"@type":"BreadcrumbList","@id":"https:\/\/360.panoramadesign.no\/panoramadesign\/kontakt\/#breadcrumb","itemListElement":[{"@type":"ListItem","position":1,"name":"Home","item":"https:\/\/360.panoramadesign.no\/panoramadesign\/"},{"@type":"ListItem","position":2,"name":"Kontakt"}]},{"@type":"WebSite","@id":"https:\/\/360.panoramadesign.no\/panoramadesign\/#website","url":"https:\/\/360.panoramadesign.no\/panoramadesign\/","name":"Panorama Design","description":"","potentialAction":[{"@type":"SearchAction","target":{"@type":"EntryPoint","urlTemplate":"https:\/\/360.panoramadesign.no\/panoramadesign\/?s={search_term_string}"},"query-input":{"@type":"PropertyValueSpecification","valueRequired":true,"valueName":"search_term_string"}}],"inLanguage":"nb-NO"}]}},"mfb_rest_fields":["title","yoast_head","yoast_head_json"],"acf":[],"_links":{"self":[{"href":"https:\/\/360.panoramadesign.no\/panoramadesign\/wp-json\/wp\/v2\/pages\/161","targetHints":{"allow":["GET"]}}],"collection":[{"href":"https:\/\/360.panoramadesign.no\/panoramadesign\/wp-json\/wp\/v2\/pages"}],"about":[{"href":"https:\/\/360.panoramadesign.no\/panoramadesign\/wp-json\/wp\/v2\/types\/page"}],"author":[{"embeddable":true,"href":"https:\/\/360.panoramadesign.no\/panoramadesign\/wp-json\/wp\/v2\/users\/2"}],"replies":[{"embeddable":true,"href":"https:\/\/360.panoramadesign.no\/panoramadesign\/wp-json\/wp\/v2\/comments?post=161"}],"version-history":[{"count":4,"href":"https:\/\/360.panoramadesign.no\/panoramadesign\/wp-json\/wp\/v2\/pages\/161\/revisions"}],"predecessor-version":[{"id":181,"href":"https:\/\/360.panoramadesign.no\/panoramadesign\/wp-json\/wp\/v2\/pages\/161\/revisions\/181"}],"wp:attachment":[{"href":"https:\/\/360.panoramadesign.no\/panoramadesign\/wp-json\/wp\/v2\/media?parent=161"}],"curies":[{"name":"wp","href":"https:\/\/api.w.org\/{rel}","templated":true}]}}