{"id":132,"date":"2025-06-27T20:24:55","date_gmt":"2025-06-27T20:24:55","guid":{"rendered":"https:\/\/360.panoramadesign.no\/panoramadesign\/?page_id=132"},"modified":"2025-06-27T20:43:41","modified_gmt":"2025-06-27T20:43:41","slug":"tjenester","status":"publish","type":"page","link":"https:\/\/360.panoramadesign.no\/panoramadesign\/tjenester\/","title":{"rendered":"Tjenester"},"content":{"rendered":"\n<div style=\"height:100px\" aria-hidden=\"true\" class=\"wp-block-spacer\"><\/div>\n\n\n\n<figure class=\"wp-block-image size-full\" style=\"margin-bottom:var(--wp--preset--spacing--70)\"><img loading=\"lazy\" decoding=\"async\" width=\"2246\" height=\"826\" src=\"https:\/\/360.panoramadesign.no\/content\/uploads\/sites\/3\/2025\/06\/B0002447-kopi2.jpg\" alt=\"\" class=\"wp-image-131\" srcset=\"https:\/\/360.panoramadesign.no\/content\/uploads\/sites\/3\/2025\/06\/B0002447-kopi2.jpg 2246w, https:\/\/360.panoramadesign.no\/content\/uploads\/sites\/3\/2025\/06\/B0002447-kopi2-300x110.jpg 300w, https:\/\/360.panoramadesign.no\/content\/uploads\/sites\/3\/2025\/06\/B0002447-kopi2-1024x377.jpg 1024w, https:\/\/360.panoramadesign.no\/content\/uploads\/sites\/3\/2025\/06\/B0002447-kopi2-768x282.jpg 768w, https:\/\/360.panoramadesign.no\/content\/uploads\/sites\/3\/2025\/06\/B0002447-kopi2-1536x565.jpg 1536w, https:\/\/360.panoramadesign.no\/content\/uploads\/sites\/3\/2025\/06\/B0002447-kopi2-2048x753.jpg 2048w\" sizes=\"auto, (max-width: 2246px) 100vw, 2246px\" \/><\/figure>\n\n\n\n<div class=\"wp-block-columns is-layout-flex wp-container-core-columns-is-layout-e477a36d wp-block-columns-is-layout-flex\" style=\"border-bottom-color:var(--wp--preset--color--accent-3);border-bottom-width:1px;padding-bottom:var(--wp--preset--spacing--60)\">\n<div class=\"wp-block-column is-layout-flow wp-block-column-is-layout-flow\">\n<h2 class=\"wp-block-heading has-accent-3-color has-text-color has-link-color has-xx-large-font-size wp-elements-b9326e98dd0753558aed33b3e8c094cb\">Hvordan jobber vi?<\/h2>\n<\/div>\n\n\n\n<div class=\"wp-block-column is-layout-flow wp-block-column-is-layout-flow\">\n<p>Vi er et lite team som best\u00e5r av b\u00e5de unge og erfarne designere og r\u00e5dgivere. Vi tror p\u00e5 tette samarbeid, b\u00e5de oss i mellom, med kundene v\u00e5re, og med andre dyktige samarbeidspartnere, s\u00e5 vi kan v\u00e6re sm\u00e5 n\u00e5r vi vil, og store n\u00e5r det trengs.<\/p>\n<\/div>\n<\/div>\n\n\n\n<div class=\"wp-block-columns is-layout-flex wp-container-core-columns-is-layout-e477a36d wp-block-columns-is-layout-flex\" style=\"border-bottom-color:var(--wp--preset--color--accent-3);border-bottom-width:1px;padding-bottom:var(--wp--preset--spacing--60)\">\n<div class=\"wp-block-column is-layout-flow wp-block-column-is-layout-flow\">\n<h3 class=\"wp-block-heading\">Tiln\u00e6rming<\/h3>\n<\/div>\n\n\n\n<div class=\"wp-block-column is-layout-flow wp-block-column-is-layout-flow\">\n<p>Felles for alt vi gj\u00f8r, er at vi drives av \u00e5 skape sterke, synlige merkevarer og jobber alltid med en helhetlig tiln\u00e6rming til prosjektene v\u00e5re. N\u00e5r vi jobber med \u00e5 bygge merkevarer fra bunnen av er vi opptatt av \u00e5 finne din unike historie og egenart. Dette er n\u00f8kkelen til \u00e5 skape merkevarer som t\u00e5ler tidens tann og som st\u00e5r godt ut i dagens konkurransebilde.<\/p>\n<\/div>\n<\/div>\n\n\n\n<div class=\"wp-block-columns is-layout-flex wp-container-core-columns-is-layout-e477a36d wp-block-columns-is-layout-flex\" style=\"border-bottom-color:var(--wp--preset--color--accent-3);border-bottom-width:1px;padding-bottom:var(--wp--preset--spacing--60)\">\n<div class=\"wp-block-column is-layout-flow wp-block-column-is-layout-flow\">\n<h3 class=\"wp-block-heading\">Prosess<\/h3>\n<\/div>\n\n\n\n<div class=\"wp-block-column is-layout-flow wp-block-column-is-layout-flow\">\n<p>Med Panorama-modellen ser vi p\u00e5\u00a0din merkevare med strategiske briller og finner konseptuelle l\u00f8sninger og mulighetsrom for din merkevare. Vi gir deg ogs\u00e5 et verkt\u00f8y til \u00e5 definere dine strategiske valg og vi er en sparringspartner som hjelper deg med \u00e5 finne rett posisjon. N\u00e5r det stategiske grunnlaget er lagt, utforsker vi visuelle retninger for \u00e5 finne ut hvor din merkevare skal, og utvikler et sterkt visuelt konsept.<\/p>\n<\/div>\n<\/div>\n\n\n\n<div class=\"wp-block-columns is-layout-flex wp-container-core-columns-is-layout-e477a36d wp-block-columns-is-layout-flex\" style=\"border-bottom-color:var(--wp--preset--color--accent-3);border-bottom-width:1px;padding-bottom:var(--wp--preset--spacing--60)\">\n<div class=\"wp-block-column is-layout-flow wp-block-column-is-layout-flow\">\n<h3 class=\"wp-block-heading\">V\u00e5r rolle som designere<\/h3>\n<\/div>\n\n\n\n<div class=\"wp-block-column is-layout-flow wp-block-column-is-layout-flow\">\n<p>Vi tror design (og designere) har muligheten til \u00e5 p\u00e5virke verden rundt oss til det bedre, og det ansvaret tar vi p\u00e5 alvor. Vi jobber alltid for at prosjektene vi er med p\u00e5, er snillest mulig for planeten v\u00e5r, og menneskene p\u00e5 den. I hvor stor grad dette er mulig, avhenger naturligvis av hva slags prosjekt det er, men vi merker at kundene v\u00e5re setter stor pris p\u00e5 at vi tar dette opp tidlig i prosesser, slik at vi hele tiden kan ha det i bakhodet n\u00e5r i jobber sammen.<\/p>\n<\/div>\n<\/div>\n\n\n\n<div style=\"height:74px\" aria-hidden=\"true\" class=\"wp-block-spacer\"><\/div>\n\n\n\n<div class=\"wp-block-columns is-layout-flex wp-container-core-columns-is-layout-e477a36d wp-block-columns-is-layout-flex\" style=\"padding-bottom:var(--wp--preset--spacing--60)\">\n<div class=\"wp-block-column is-layout-flow wp-block-column-is-layout-flow\">\n<h2 class=\"wp-block-heading has-accent-3-color has-text-color has-link-color has-xx-large-font-size wp-elements-af831a8db2bc7e43d32e918051658e24\">Tjenester vi tilbyr<\/h2>\n<\/div>\n\n\n\n<div class=\"wp-block-column is-layout-flow wp-block-column-is-layout-flow\">\n<div class=\"wp-block-columns is-layout-flex wp-container-core-columns-is-layout-28f84493 wp-block-columns-is-layout-flex\">\n<div class=\"wp-block-column is-layout-flow wp-block-column-is-layout-flow\">\n<p>\u2192 Emballasjedesign<\/p>\n\n\n\n<p>\u2192 Visuell identitet<\/p>\n\n\n\n<p>\u2192 Research og strategi<\/p>\n\n\n\n<p>\u2192 Navn og merkevare<\/p>\n\n\n\n<p>\u2192 Art direction<\/p>\n<\/div>\n\n\n\n<div class=\"wp-block-column is-layout-flow wp-block-column-is-layout-flow\">\n<p>\u2192 Kommunikasjon<\/p>\n\n\n\n<p>\u2192 Innholdsproduksjon<\/p>\n\n\n\n<p>\u2192 Digital design<\/p>\n\n\n\n<p>\u2192 Film, foto og animasjon<\/p>\n\n\n\n<p>\u2192 Noe annet? Helt sikkert!<\/p>\n<\/div>\n<\/div>\n<\/div>\n<\/div>\n","protected":false},"excerpt":{"rendered":"<p>Hvordan jobber vi? Vi er et lite team som best\u00e5r av b\u00e5de unge og erfarne designere og r\u00e5dgivere. Vi tror p\u00e5 tette samarbeid, b\u00e5de oss i mellom, med kundene v\u00e5re, og med andre dyktige samarbeidspartnere, s\u00e5 vi kan v\u00e6re sm\u00e5 n\u00e5r vi vil, og store n\u00e5r det trengs. Tiln\u00e6rming Felles for alt vi gj\u00f8r, er [&hellip;]<\/p>\n","protected":false},"author":2,"featured_media":0,"parent":0,"menu_order":0,"comment_status":"closed","ping_status":"closed","template":"page-no-title","meta":{"_acf_changed":false,"footnotes":"","unpublish_after_date":""},"class_list":["post-132","page","type-page","status-publish","hentry"],"mb":[],"yoast_head":"<!-- This site is optimized with the Yoast SEO plugin v25.1 - https:\/\/yoast.com\/wordpress\/plugins\/seo\/ -->\n<title>Tjenester - Panorama Design<\/title>\n<meta name=\"robots\" content=\"index, follow, max-snippet:-1, max-image-preview:large, max-video-preview:-1\" \/>\n<link rel=\"canonical\" href=\"https:\/\/360.panoramadesign.no\/panoramadesign\/tjenester\/\" \/>\n<meta property=\"og:locale\" content=\"nb_NO\" \/>\n<meta property=\"og:type\" content=\"article\" \/>\n<meta property=\"og:title\" content=\"Tjenester - Panorama Design\" \/>\n<meta property=\"og:description\" content=\"Hvordan jobber vi? Vi er et lite team som best\u00e5r av b\u00e5de unge og erfarne designere og r\u00e5dgivere. Vi tror p\u00e5 tette samarbeid, b\u00e5de oss i mellom, med kundene v\u00e5re, og med andre dyktige samarbeidspartnere, s\u00e5 vi kan v\u00e6re sm\u00e5 n\u00e5r vi vil, og store n\u00e5r det trengs. Tiln\u00e6rming Felles for alt vi gj\u00f8r, er [&hellip;]\" \/>\n<meta property=\"og:url\" content=\"https:\/\/360.panoramadesign.no\/panoramadesign\/tjenester\/\" \/>\n<meta property=\"og:site_name\" content=\"Panorama Design\" \/>\n<meta property=\"article:modified_time\" content=\"2025-06-27T20:43:41+00:00\" \/>\n<meta property=\"og:image\" content=\"https:\/\/360.panoramadesign.no\/content\/uploads\/sites\/3\/2025\/06\/B0002447-kopi2.jpg\" \/>\n\t<meta property=\"og:image:width\" content=\"2246\" \/>\n\t<meta property=\"og:image:height\" content=\"826\" \/>\n\t<meta property=\"og:image:type\" content=\"image\/jpeg\" \/>\n<meta name=\"twitter:card\" content=\"summary_large_image\" \/>\n<meta name=\"twitter:label1\" content=\"Ansl. lesetid\" \/>\n\t<meta name=\"twitter:data1\" content=\"2 minutter\" \/>\n<script type=\"application\/ld+json\" class=\"yoast-schema-graph\">{\"@context\":\"https:\/\/schema.org\",\"@graph\":[{\"@type\":\"WebPage\",\"@id\":\"https:\/\/360.panoramadesign.no\/panoramadesign\/tjenester\/\",\"url\":\"https:\/\/360.panoramadesign.no\/panoramadesign\/tjenester\/\",\"name\":\"Tjenester - Panorama Design\",\"isPartOf\":{\"@id\":\"https:\/\/360.panoramadesign.no\/panoramadesign\/#website\"},\"primaryImageOfPage\":{\"@id\":\"https:\/\/360.panoramadesign.no\/panoramadesign\/tjenester\/#primaryimage\"},\"image\":{\"@id\":\"https:\/\/360.panoramadesign.no\/panoramadesign\/tjenester\/#primaryimage\"},\"thumbnailUrl\":\"https:\/\/360.panoramadesign.no\/content\/uploads\/sites\/3\/2025\/06\/B0002447-kopi2.jpg\",\"datePublished\":\"2025-06-27T20:24:55+00:00\",\"dateModified\":\"2025-06-27T20:43:41+00:00\",\"breadcrumb\":{\"@id\":\"https:\/\/360.panoramadesign.no\/panoramadesign\/tjenester\/#breadcrumb\"},\"inLanguage\":\"nb-NO\",\"potentialAction\":[{\"@type\":\"ReadAction\",\"target\":[\"https:\/\/360.panoramadesign.no\/panoramadesign\/tjenester\/\"]}]},{\"@type\":\"ImageObject\",\"inLanguage\":\"nb-NO\",\"@id\":\"https:\/\/360.panoramadesign.no\/panoramadesign\/tjenester\/#primaryimage\",\"url\":\"https:\/\/360.panoramadesign.no\/content\/uploads\/sites\/3\/2025\/06\/B0002447-kopi2.jpg\",\"contentUrl\":\"https:\/\/360.panoramadesign.no\/content\/uploads\/sites\/3\/2025\/06\/B0002447-kopi2.jpg\"},{\"@type\":\"BreadcrumbList\",\"@id\":\"https:\/\/360.panoramadesign.no\/panoramadesign\/tjenester\/#breadcrumb\",\"itemListElement\":[{\"@type\":\"ListItem\",\"position\":1,\"name\":\"Home\",\"item\":\"https:\/\/360.panoramadesign.no\/panoramadesign\/\"},{\"@type\":\"ListItem\",\"position\":2,\"name\":\"Tjenester\"}]},{\"@type\":\"WebSite\",\"@id\":\"https:\/\/360.panoramadesign.no\/panoramadesign\/#website\",\"url\":\"https:\/\/360.panoramadesign.no\/panoramadesign\/\",\"name\":\"Panorama Design\",\"description\":\"\",\"potentialAction\":[{\"@type\":\"SearchAction\",\"target\":{\"@type\":\"EntryPoint\",\"urlTemplate\":\"https:\/\/360.panoramadesign.no\/panoramadesign\/?s={search_term_string}\"},\"query-input\":{\"@type\":\"PropertyValueSpecification\",\"valueRequired\":true,\"valueName\":\"search_term_string\"}}],\"inLanguage\":\"nb-NO\"}]}<\/script>\n<!-- \/ Yoast SEO plugin. -->","yoast_head_json":{"title":"Tjenester - Panorama Design","robots":{"index":"index","follow":"follow","max-snippet":"max-snippet:-1","max-image-preview":"max-image-preview:large","max-video-preview":"max-video-preview:-1"},"canonical":"https:\/\/360.panoramadesign.no\/panoramadesign\/tjenester\/","og_locale":"nb_NO","og_type":"article","og_title":"Tjenester - Panorama Design","og_description":"Hvordan jobber vi? Vi er et lite team som best\u00e5r av b\u00e5de unge og erfarne designere og r\u00e5dgivere. Vi tror p\u00e5 tette samarbeid, b\u00e5de oss i mellom, med kundene v\u00e5re, og med andre dyktige samarbeidspartnere, s\u00e5 vi kan v\u00e6re sm\u00e5 n\u00e5r vi vil, og store n\u00e5r det trengs. Tiln\u00e6rming Felles for alt vi gj\u00f8r, er [&hellip;]","og_url":"https:\/\/360.panoramadesign.no\/panoramadesign\/tjenester\/","og_site_name":"Panorama Design","article_modified_time":"2025-06-27T20:43:41+00:00","og_image":[{"width":2246,"height":826,"url":"https:\/\/360.panoramadesign.no\/content\/uploads\/sites\/3\/2025\/06\/B0002447-kopi2.jpg","type":"image\/jpeg"}],"twitter_card":"summary_large_image","twitter_misc":{"Ansl. lesetid":"2 minutter"},"schema":{"@context":"https:\/\/schema.org","@graph":[{"@type":"WebPage","@id":"https:\/\/360.panoramadesign.no\/panoramadesign\/tjenester\/","url":"https:\/\/360.panoramadesign.no\/panoramadesign\/tjenester\/","name":"Tjenester - Panorama Design","isPartOf":{"@id":"https:\/\/360.panoramadesign.no\/panoramadesign\/#website"},"primaryImageOfPage":{"@id":"https:\/\/360.panoramadesign.no\/panoramadesign\/tjenester\/#primaryimage"},"image":{"@id":"https:\/\/360.panoramadesign.no\/panoramadesign\/tjenester\/#primaryimage"},"thumbnailUrl":"https:\/\/360.panoramadesign.no\/content\/uploads\/sites\/3\/2025\/06\/B0002447-kopi2.jpg","datePublished":"2025-06-27T20:24:55+00:00","dateModified":"2025-06-27T20:43:41+00:00","breadcrumb":{"@id":"https:\/\/360.panoramadesign.no\/panoramadesign\/tjenester\/#breadcrumb"},"inLanguage":"nb-NO","potentialAction":[{"@type":"ReadAction","target":["https:\/\/360.panoramadesign.no\/panoramadesign\/tjenester\/"]}]},{"@type":"ImageObject","inLanguage":"nb-NO","@id":"https:\/\/360.panoramadesign.no\/panoramadesign\/tjenester\/#primaryimage","url":"https:\/\/360.panoramadesign.no\/content\/uploads\/sites\/3\/2025\/06\/B0002447-kopi2.jpg","contentUrl":"https:\/\/360.panoramadesign.no\/content\/uploads\/sites\/3\/2025\/06\/B0002447-kopi2.jpg"},{"@type":"BreadcrumbList","@id":"https:\/\/360.panoramadesign.no\/panoramadesign\/tjenester\/#breadcrumb","itemListElement":[{"@type":"ListItem","position":1,"name":"Home","item":"https:\/\/360.panoramadesign.no\/panoramadesign\/"},{"@type":"ListItem","position":2,"name":"Tjenester"}]},{"@type":"WebSite","@id":"https:\/\/360.panoramadesign.no\/panoramadesign\/#website","url":"https:\/\/360.panoramadesign.no\/panoramadesign\/","name":"Panorama Design","description":"","potentialAction":[{"@type":"SearchAction","target":{"@type":"EntryPoint","urlTemplate":"https:\/\/360.panoramadesign.no\/panoramadesign\/?s={search_term_string}"},"query-input":{"@type":"PropertyValueSpecification","valueRequired":true,"valueName":"search_term_string"}}],"inLanguage":"nb-NO"}]}},"mfb_rest_fields":["title","yoast_head","yoast_head_json"],"acf":[],"_links":{"self":[{"href":"https:\/\/360.panoramadesign.no\/panoramadesign\/wp-json\/wp\/v2\/pages\/132","targetHints":{"allow":["GET"]}}],"collection":[{"href":"https:\/\/360.panoramadesign.no\/panoramadesign\/wp-json\/wp\/v2\/pages"}],"about":[{"href":"https:\/\/360.panoramadesign.no\/panoramadesign\/wp-json\/wp\/v2\/types\/page"}],"author":[{"embeddable":true,"href":"https:\/\/360.panoramadesign.no\/panoramadesign\/wp-json\/wp\/v2\/users\/2"}],"replies":[{"embeddable":true,"href":"https:\/\/360.panoramadesign.no\/panoramadesign\/wp-json\/wp\/v2\/comments?post=132"}],"version-history":[{"count":5,"href":"https:\/\/360.panoramadesign.no\/panoramadesign\/wp-json\/wp\/v2\/pages\/132\/revisions"}],"predecessor-version":[{"id":160,"href":"https:\/\/360.panoramadesign.no\/panoramadesign\/wp-json\/wp\/v2\/pages\/132\/revisions\/160"}],"wp:attachment":[{"href":"https:\/\/360.panoramadesign.no\/panoramadesign\/wp-json\/wp\/v2\/media?parent=132"}],"curies":[{"name":"wp","href":"https:\/\/api.w.org\/{rel}","templated":true}]}}